{"id":640,"date":"2021-01-19T08:15:56","date_gmt":"2021-01-19T08:15:56","guid":{"rendered":"https:\/\/civil4sl.com\/?page_id=640"},"modified":"2022-01-16T12:17:53","modified_gmt":"2022-01-16T12:17:53","slug":"noticias","status":"publish","type":"page","link":"https:\/\/civil4sl.com\/es\/noticias\/","title":{"rendered":"Noticias"},"content":{"rendered":"\t\t<div data-elementor-type=\"wp-post\" data-elementor-id=\"640\" class=\"elementor elementor-640\" data-elementor-post-type=\"page\">\n\t\t\t\t\t\t<section class=\"elementor-section elementor-top-section elementor-element elementor-element-b222737 elementor-section-stretched elementor-section-height-min-height elementor-section-boxed elementor-section-height-default elementor-section-items-middle\" data-id=\"b222737\" data-element_type=\"section\" data-e-type=\"section\" data-settings=\"{&quot;stretch_section&quot;:&quot;section-stretched&quot;,&quot;background_background&quot;:&quot;classic&quot;}\">\n\t\t\t\t\t\t\t<div class=\"elementor-background-overlay\"><\/div>\n\t\t\t\t\t\t\t<div class=\"elementor-container elementor-column-gap-default\">\n\t\t\t\t\t<div class=\"aux-parallax-section elementor-column elementor-col-50 elementor-top-column elementor-element elementor-element-1f1dcc3 aux-appear-watch-animation aux-fade-in-right\" data-id=\"1f1dcc3\" data-element_type=\"column\" data-e-type=\"column\">\n\t\t\t<div class=\"elementor-widget-wrap elementor-element-populated\">\n\t\t\t\t\t\t<div class=\"elementor-element elementor-element-ed1136b elementor-widget elementor-widget-image\" data-id=\"ed1136b\" data-element_type=\"widget\" data-e-type=\"widget\" data-widget_type=\"image.default\">\n\t\t\t\t<div class=\"elementor-widget-container\">\n\t\t\t\t\t\t\t\t\t\t\t\t\t\t\t<img decoding=\"async\" width=\"33\" height=\"237\" src=\"https:\/\/civil4sl.com\/wp-content\/uploads\/2020\/10\/linea-cabecera.png\" class=\"attachment-large size-large wp-image-195\" alt=\"Silueta reducida del cuatro del Civil 4\" \/>\t\t\t\t\t\t\t\t\t\t\t\t\t\t\t<\/div>\n\t\t\t\t<\/div>\n\t\t\t\t\t<\/div>\n\t\t<\/div>\n\t\t\t\t<div class=\"aux-parallax-section elementor-column elementor-col-50 elementor-top-column elementor-element elementor-element-eee3fb2 aux-appear-watch-animation aux-fade-in-right\" data-id=\"eee3fb2\" data-element_type=\"column\" data-e-type=\"column\">\n\t\t\t<div class=\"elementor-widget-wrap elementor-element-populated\">\n\t\t\t\t\t\t<div class=\"elementor-element elementor-element-731dc13 elementor-widget elementor-widget-aux_modern_heading\" data-id=\"731dc13\" data-element_type=\"widget\" data-e-type=\"widget\" data-widget_type=\"aux_modern_heading.default\">\n\t\t\t\t<div class=\"elementor-widget-container\">\n\t\t\t\t\t<section class=\"aux-widget-modern-heading\">\n            <div class=\"aux-widget-inner\"><h1 class=\"aux-modern-heading-primary\">Noticias<\/h1><\/div>\n        <\/section>\t\t\t\t<\/div>\n\t\t\t\t<\/div>\n\t\t\t\t<div class=\"elementor-element elementor-element-92c2ac1 elementor-widget elementor-widget-aux_breadcrumbs\" data-id=\"92c2ac1\" data-element_type=\"widget\" data-e-type=\"widget\" data-widget_type=\"aux_breadcrumbs.default\">\n\t\t\t\t<div class=\"elementor-widget-container\">\n\t\t\t\t\t<div class=\"aux-elementor-breadcrumbs\"><p class=\"aux-breadcrumbs\"><span><a href=\"https:\/\/civil4sl.com\/es\/\" title=\"Home\">Home<\/a><\/span><\/div>\t\t\t\t<\/div>\n\t\t\t\t<\/div>\n\t\t\t\t\t<\/div>\n\t\t<\/div>\n\t\t\t\t\t<\/div>\n\t\t<\/section>\n\t\t\t\t<section class=\"elementor-section elementor-top-section elementor-element elementor-element-4ece8a98 elementor-section-stretched elementor-section-content-middle elementor-reverse-mobile elementor-section-boxed elementor-section-height-default elementor-section-height-default\" data-id=\"4ece8a98\" data-element_type=\"section\" data-e-type=\"section\" data-settings=\"{&quot;stretch_section&quot;:&quot;section-stretched&quot;,&quot;background_background&quot;:&quot;classic&quot;}\">\n\t\t\t\t\t\t\t<div class=\"elementor-background-overlay\"><\/div>\n\t\t\t\t\t\t\t<div class=\"elementor-container elementor-column-gap-default\">\n\t\t\t\t\t<div class=\"aux-parallax-section elementor-column elementor-col-100 elementor-top-column elementor-element elementor-element-392a7b3f aux-appear-watch-animation aux-fade-in-up\" data-id=\"392a7b3f\" data-element_type=\"column\" data-e-type=\"column\">\n\t\t\t<div class=\"elementor-widget-wrap elementor-element-populated\">\n\t\t\t\t\t\t<div class=\"elementor-element elementor-element-4a9cccd5 aux-appear-watch-animation aux-fade-in-up elementor-widget elementor-widget-aux_modern_heading\" data-id=\"4a9cccd5\" data-element_type=\"widget\" data-e-type=\"widget\" data-widget_type=\"aux_modern_heading.default\">\n\t\t\t\t<div class=\"elementor-widget-container\">\n\t\t\t\t\t<section class=\"aux-widget-modern-heading\">\n            <div class=\"aux-widget-inner\"><h2 class=\"aux-modern-heading-primary\">TE PUEDE INTERESAR<\/h2><h3 class=\"aux-modern-heading-secondary\"><span class=\"aux-head-before\">M\u00e1s sobre Civil 4, ingenier\u00eda y edificaci\u00f3n<\/span><\/h3><div class=\"aux-modern-heading-divider\"><\/div><\/div>\n        <\/section>\t\t\t\t<\/div>\n\t\t\t\t<\/div>\n\t\t\t\t\t<\/div>\n\t\t<\/div>\n\t\t\t\t\t<\/div>\n\t\t<\/section>\n\t\t\t\t<section class=\"elementor-section elementor-top-section elementor-element elementor-element-a1ea1db elementor-section-boxed elementor-section-height-default elementor-section-height-default\" data-id=\"a1ea1db\" data-element_type=\"section\" data-e-type=\"section\">\n\t\t\t\t\t\t<div class=\"elementor-container elementor-column-gap-default\">\n\t\t\t\t\t<div class=\"aux-parallax-section elementor-column elementor-col-100 elementor-top-column elementor-element elementor-element-09b9422\" data-id=\"09b9422\" data-element_type=\"column\" data-e-type=\"column\">\n\t\t\t<div class=\"elementor-widget-wrap elementor-element-populated\">\n\t\t\t\t\t\t<div class=\"elementor-element elementor-element-d54e029 elementor-widget elementor-widget-aux_recent_posts_tiles\" data-id=\"d54e029\" data-element_type=\"widget\" data-e-type=\"widget\" data-widget_type=\"aux_recent_posts_tiles.default\">\n\t\t\t\t<div class=\"elementor-widget-container\">\n\t\t\t\t\t<section class=\"widget-container aux-widget-recent-posts-tiles aux-parent-auc75e70fb\"><div data-lazyload=\"true\" data-element-id=\"auc75e70fb\" class=\"aux-tiles-layout aux-ajax-view aux-overlay\">                                                \n                        <article class=\"aux-post-tile aux-image-box post aux-tile-6-6 aux-t-tile-6-6 aux-m-tile-12-12 post-1641 type-post status-publish format-standard has-post-thumbnail hentry category-reglamentos\" >\n                            \n                            <div class=\"entry-media\">\n                                <div class=\"aux-media-frame aux-media-image aux-image-mask\"><a href=\"https:\/\/civil4sl.com\/es\/aprobada-la-ley-de-acompanamiento-de-los-presupuestos-de-2022\/\"><img fetchpriority=\"high\" decoding=\"async\" width=\"1000\" height=\"1000\" src=\"https:\/\/civil4sl.com\/wp-content\/uploads\/2021\/01\/IMG_4812-1000x1000.jpg\" class=\"aux-attachment aux-featured-image attachment-1000x1000 aux-attachment-id-824 \" alt=\"IMG_4812\" srcset=\"https:\/\/civil4sl.com\/wp-content\/uploads\/2021\/01\/IMG_4812-150x150.jpg 150w,https:\/\/civil4sl.com\/wp-content\/uploads\/2021\/01\/IMG_4812-300x300.jpg 300w,https:\/\/civil4sl.com\/wp-content\/uploads\/2021\/01\/IMG_4812-768x768.jpg 768w,https:\/\/civil4sl.com\/wp-content\/uploads\/2021\/01\/IMG_4812-1024x1024.jpg 1024w,https:\/\/civil4sl.com\/wp-content\/uploads\/2021\/01\/IMG_4812-1000x1000.jpg 1000w,https:\/\/civil4sl.com\/wp-content\/uploads\/2021\/01\/IMG_4812-1768x1768.jpg 1768w\" data-ratio=\"1\" data-original-w=\"1778\" sizes=\"(max-width:479px) 480px,(max-width:767px) 768px,(max-width:1023px) 1024px,1000px\" \/><\/a><\/div>                            <\/div>\n                            \n                            <div class=\"entry-main\">\n\n                                                                <header class=\"entry-header\">\n                                    <h4 class=\"entry-title\">\n                                        <a href=\"https:\/\/civil4sl.com\/es\/aprobada-la-ley-de-acompanamiento-de-los-presupuestos-de-2022\/\">\n                                            Aprobada la Ley de acompa\u00f1amiento de los presupuestos de 2022                                        <\/a>\n                                    <\/h4>\n                                <\/header>\n                                \n                                \n                            <\/div>\n\n                        <\/article>\n                                                \n                        <article class=\"aux-post-tile aux-image-box post aux-tile-6-3 aux-t-tile-12-6 aux-m-tile-12-6 post-1631 type-post status-publish format-standard has-post-thumbnail hentry category-subvenciones\" >\n                            \n                            <div class=\"entry-media\">\n                                <div class=\"aux-media-frame aux-media-image aux-image-mask\"><a href=\"https:\/\/civil4sl.com\/es\/labora-servicio-valenciano-de-empleo-y-formacion\/\"><img decoding=\"async\" width=\"1000\" height=\"500\" src=\"https:\/\/civil4sl.com\/wp-content\/uploads\/2022\/01\/GVA-LABORA-rojo.-png-1000x500.png\" class=\"aux-attachment aux-featured-image attachment-1000x500 aux-attachment-id-1633 \" alt=\"GVA - LABORA rojo. png\" srcset=\"https:\/\/civil4sl.com\/wp-content\/uploads\/2022\/01\/GVA-LABORA-rojo.-png-150x75.png 150w,https:\/\/civil4sl.com\/wp-content\/uploads\/2022\/01\/GVA-LABORA-rojo.-png-300x150.png 300w,https:\/\/civil4sl.com\/wp-content\/uploads\/2022\/01\/GVA-LABORA-rojo.-png-768x384.png 768w,https:\/\/civil4sl.com\/wp-content\/uploads\/2022\/01\/GVA-LABORA-rojo.-png-1024x512.png 1024w,https:\/\/civil4sl.com\/wp-content\/uploads\/2022\/01\/GVA-LABORA-rojo.-png-1000x500.png 1000w,https:\/\/civil4sl.com\/wp-content\/uploads\/2022\/01\/GVA-LABORA-rojo.-png-2772x1386.png 2772w\" data-ratio=\"2\" data-original-w=\"2782\" sizes=\"(max-width:479px) 480px,(max-width:767px) 768px,(max-width:1023px) 1024px,1000px\" \/><\/a><\/div>                            <\/div>\n                            \n                            <div class=\"entry-main\">\n\n                                                                <header class=\"entry-header\">\n                                    <h4 class=\"entry-title\">\n                                        <a href=\"https:\/\/civil4sl.com\/es\/labora-servicio-valenciano-de-empleo-y-formacion\/\">\n                                            LABORA Servicio Valenciano de Empleo y Formaci\u00f3n                                        <\/a>\n                                    <\/h4>\n                                <\/header>\n                                \n                                \n                            <\/div>\n\n                        <\/article>\n                                                \n                        <article class=\"aux-post-tile aux-image-box post aux-tile-3-3 aux-t-tile-6-6 aux-m-tile-6-6 post-1073 type-post status-publish format-standard has-post-thumbnail hentry category-reglamentos\" >\n                            \n                            <div class=\"entry-media\">\n                                <div class=\"aux-media-frame aux-media-image aux-image-mask\"><a href=\"https:\/\/civil4sl.com\/es\/aprobado-el-nuevo-reglamento-regulador-del-alojamiento-turistico-en-la-c-v\/\"><img loading=\"lazy\" decoding=\"async\" width=\"500\" height=\"500\" src=\"https:\/\/civil4sl.com\/wp-content\/uploads\/2021\/02\/post-regulador-500x500.jpg\" class=\"aux-attachment aux-featured-image attachment-500x500 aux-attachment-id-1079 \" alt=\"Plaza de la Virgen de Valencia\" srcset=\"https:\/\/civil4sl.com\/wp-content\/uploads\/2021\/02\/post-regulador-150x150.jpg 150w,https:\/\/civil4sl.com\/wp-content\/uploads\/2021\/02\/post-regulador-300x300.jpg 300w,https:\/\/civil4sl.com\/wp-content\/uploads\/2021\/02\/post-regulador-768x768.jpg 768w,https:\/\/civil4sl.com\/wp-content\/uploads\/2021\/02\/post-regulador-1024x1024.jpg 1024w,https:\/\/civil4sl.com\/wp-content\/uploads\/2021\/02\/post-regulador-500x500.jpg 500w,https:\/\/civil4sl.com\/wp-content\/uploads\/2021\/02\/post-regulador-1910x1910.jpg 1910w\" data-ratio=\"1\" data-original-w=\"1920\" sizes=\"(max-width:479px) 480px,(max-width:767px) 768px,(max-width:1023px) 1024px,500px\" \/><\/a><\/div>                            <\/div>\n                            \n                            <div class=\"entry-main\">\n\n                                                                <header class=\"entry-header\">\n                                    <h4 class=\"entry-title\">\n                                        <a href=\"https:\/\/civil4sl.com\/es\/aprobado-el-nuevo-reglamento-regulador-del-alojamiento-turistico-en-la-c-v\/\">\n                                            Aprobado el nuevo reglamento regulador del alojamiento tur\u00edstico en la C.V.                                        <\/a>\n                                    <\/h4>\n                                <\/header>\n                                \n                                \n                            <\/div>\n\n                        <\/article>\n                                                \n                        <article class=\"aux-post-tile aux-image-box post aux-tile-3-3 aux-t-tile-6-6 aux-m-tile-6-6 post-1023 type-post status-publish format-standard has-post-thumbnail hentry category-civil-4\" >\n                            \n                            <div class=\"entry-media\">\n                                <div class=\"aux-media-frame aux-media-image aux-image-mask\"><a href=\"https:\/\/civil4sl.com\/es\/estrenamos-web-en-civil4\/\"><img loading=\"lazy\" decoding=\"async\" width=\"500\" height=\"500\" src=\"https:\/\/civil4sl.com\/wp-content\/uploads\/2021\/02\/web-nueva-civil4-500x500.jpg\" class=\"aux-attachment aux-featured-image attachment-500x500 aux-attachment-id-1028 \" alt=\"La nueva web de Civil4 en diferentes dispositivos\" srcset=\"https:\/\/civil4sl.com\/wp-content\/uploads\/2021\/02\/web-nueva-civil4-150x150.jpg 150w,https:\/\/civil4sl.com\/wp-content\/uploads\/2021\/02\/web-nueva-civil4-300x300.jpg 300w,https:\/\/civil4sl.com\/wp-content\/uploads\/2021\/02\/web-nueva-civil4-768x768.jpg 768w,https:\/\/civil4sl.com\/wp-content\/uploads\/2021\/02\/web-nueva-civil4-1024x1024.jpg 1024w,https:\/\/civil4sl.com\/wp-content\/uploads\/2021\/02\/web-nueva-civil4-500x500.jpg 500w,https:\/\/civil4sl.com\/wp-content\/uploads\/2021\/02\/web-nueva-civil4-1360x1360.jpg 1360w\" data-ratio=\"1\" data-original-w=\"1370\" sizes=\"(max-width:479px) 480px,(max-width:767px) 768px,(max-width:1023px) 1024px,500px\" \/><\/a><\/div>                            <\/div>\n                            \n                            <div class=\"entry-main\">\n\n                                                                <header class=\"entry-header\">\n                                    <h4 class=\"entry-title\">\n                                        <a href=\"https:\/\/civil4sl.com\/es\/estrenamos-web-en-civil4\/\">\n                                            \u00a1Estrenamos web en Civil 4!                                        <\/a>\n                                    <\/h4>\n                                <\/header>\n                                \n                                \n                            <\/div>\n\n                        <\/article>\n<\/div><\/section><!-- widget-container -->\t\t\t\t<\/div>\n\t\t\t\t<\/div>\n\t\t\t\t\t<\/div>\n\t\t<\/div>\n\t\t\t\t\t<\/div>\n\t\t<\/section>\n\t\t\t\t<\/div>\n\t\t","protected":false},"excerpt":{"rendered":"<p>Noticias Portada TE PUEDE INTERESAR M\u00e1s sobre Civil 4, ingenier\u00eda y edificaci\u00f3n Aprobado el nuevo reglamento regulador del alojamiento tur\u00edstico en la C.V. \u00a1Estrenamos web en Civil 4!<\/p>\n","protected":false},"author":1,"featured_media":0,"parent":0,"menu_order":0,"comment_status":"closed","ping_status":"closed","template":"templates\/page-builder-content.php","meta":{"footnotes":""},"class_list":["post-640","page","type-page","status-publish","hentry"],"_links":{"self":[{"href":"https:\/\/civil4sl.com\/es\/wp-json\/wp\/v2\/pages\/640","targetHints":{"allow":["GET"]}}],"collection":[{"href":"https:\/\/civil4sl.com\/es\/wp-json\/wp\/v2\/pages"}],"about":[{"href":"https:\/\/civil4sl.com\/es\/wp-json\/wp\/v2\/types\/page"}],"author":[{"embeddable":true,"href":"https:\/\/civil4sl.com\/es\/wp-json\/wp\/v2\/users\/1"}],"replies":[{"embeddable":true,"href":"https:\/\/civil4sl.com\/es\/wp-json\/wp\/v2\/comments?post=640"}],"version-history":[{"count":38,"href":"https:\/\/civil4sl.com\/es\/wp-json\/wp\/v2\/pages\/640\/revisions"}],"predecessor-version":[{"id":1630,"href":"https:\/\/civil4sl.com\/es\/wp-json\/wp\/v2\/pages\/640\/revisions\/1630"}],"wp:attachment":[{"href":"https:\/\/civil4sl.com\/es\/wp-json\/wp\/v2\/media?parent=640"}],"curies":[{"name":"wp","href":"https:\/\/api.w.org\/{rel}","templated":true}]}}